{"id":46,"date":"2016-04-28T18:02:53","date_gmt":"2016-04-28T16:02:53","guid":{"rendered":"http:\/\/www.werkstoff-blog.de\/?page_id=46"},"modified":"2020-09-07T15:32:17","modified_gmt":"2020-09-07T13:32:17","slug":"wer","status":"publish","type":"page","link":"https:\/\/www.werkstoff-service.de\/blog\/wer\/","title":{"rendered":"WERKSTOFF-BLOG"},"content":{"rendered":"<p>[vc_row][vc_column width=&#8220;2\/3&#8243;][vc_column_text]Herzlich willkommen in unserem Werkstoff-Blog<\/p>\n<p>F\u00fcr wissenshungrige haben wir einen eigenen Blog, den wir mit Herzblut betreiben und verschiedensten Inhalten f\u00fcttern. Hier findet man unter anderem Unternehmens-News und Veranstaltungstipps.<\/p>\n<p>Die <strong>TrainingCenter<\/strong>-Beitr\u00e4ge informieren stets \u00fcber aktuelle Seminare und Kurse und geben detaillierte L\u00f6sungen und Antworten auf viele \u201eWie funktioniert \u2026?\u201c- und \u201eWas ist eigentlich \u2026?\u201c-Fragen. Unter der Rubrik <strong>MaterialtestCenter<\/strong> erh\u00e4lt man alles Wissenswerte zu Materialien und deren Eigenschaften.<\/p>\n<p>Im\u00a0 <strong>ExpertCenter<\/strong>-Blog gehen unsere Experten der Materie auf den Grund. Expertise auf den Punkt gebracht. F\u00fcr alle die sich f\u00fcr Rad und Schiene interessieren, gibt unser <strong>RailwayCenter<\/strong>-Blog alle n\u00f6tigen Informationen, so bleibt man in diesem weitl\u00e4ufigen Thema immer auf dem Laufenden.<\/p>\n<p>Viel Spa\u00df beim St\u00f6bern und Lesen![\/vc_column_text][\/vc_column][vc_column width=&#8220;1\/3&#8243;][vc_mad_posts_most_read type=&#8220;type3&#8243; posts_per_page=&#8220;3&#8243; title=&#8220;Meist gelesen&#8220;][\/vc_column][\/vc_row][vc_row css=&#8220;.vc_custom_1472553886056{padding-top: 0px !important;padding-bottom: 0px !important;}&#8220;][vc_column css=&#8220;.vc_custom_1472731702925{padding-top: 20px !important;padding-bottom: 0px !important;background-color: #96ae23 !important;}&#8220;][vc_mad_posts_slider type=&#8220;type3&#8243; posts_per_page=&#8220;3&#8243; category=&#8220;trainingcenter&#8220; img_size=&#8220;750*450&#8243;][\/vc_column][\/vc_row][vc_row][vc_column css=&#8220;.vc_custom_1472731673172{padding-top: 0px !important;padding-bottom: 0px !important;}&#8220;][vc_empty_space][\/vc_column][\/vc_row][vc_row css=&#8220;.vc_custom_1472731979055{padding-top: 0px !important;}&#8220;][vc_column css=&#8220;.vc_custom_1472731964084{padding-top: 20px !important;background-color: #fdc300 !important;}&#8220;][vc_mad_posts_slider type=&#8220;type3&#8243; posts_per_page=&#8220;3&#8243; category=&#8220;materiatestcenter&#8220; img_size=&#8220;750*450&#8243;][\/vc_column][\/vc_row][vc_row][vc_column][vc_empty_space][\/vc_column][\/vc_row][vc_row][vc_column css=&#8220;.vc_custom_1472551357025{padding-top: 20px !important;background-color: #cd1316 !important;}&#8220;][vc_mad_posts_slider type=&#8220;type3&#8243; posts_per_page=&#8220;3&#8243; category=&#8220;railwaycenter&#8220;][\/vc_column][\/vc_row][vc_row][vc_column][vc_empty_space][\/vc_column][\/vc_row][vc_row][vc_column css=&#8220;.vc_custom_1472551365014{padding-top: 20px !important;background-color: #006fb9 !important;}&#8220;][vc_mad_posts_slider type=&#8220;type3&#8243; posts_per_page=&#8220;3&#8243; category=&#8220;expertcenter&#8220;][\/vc_column][\/vc_row]<\/p>\n","protected":false},"excerpt":{"rendered":"<p>[vc_row][vc_column width=&#8220;2\/3&#8243;][vc_column_text]Herzlich willkommen in unserem Werkstoff-Blog F\u00fcr wissenshungrige haben wir einen eigenen Blog, den wir mit Herzblut betreiben und verschiedensten Inhalten f\u00fcttern. Hier findet man unter anderem Unternehmens-News und Veranstaltungstipps. Die TrainingCenter-Beitr\u00e4ge informieren stets \u00fcber aktuelle Seminare und Kurse und geben detaillierte L\u00f6sungen und Antworten auf viele \u201eWie funktioniert \u2026?\u201c- und \u201eWas ist eigentlich \u2026?\u201c-Fragen. [&hellip;]<\/p>\n","protected":false},"author":1,"featured_media":0,"parent":0,"menu_order":0,"comment_status":"closed","ping_status":"closed","template":"","meta":{"_bbp_topic_count":0,"_bbp_reply_count":0,"_bbp_total_topic_count":0,"_bbp_total_reply_count":0,"_bbp_voice_count":0,"_bbp_anonymous_reply_count":0,"_bbp_topic_count_hidden":0,"_bbp_reply_count_hidden":0,"_bbp_forum_subforum_count":0},"yoast_head":"<!-- This site is optimized with the Yoast SEO plugin v14.9 - https:\/\/yoast.com\/wordpress\/plugins\/seo\/ -->\n<title>WERKSTOFF-BLOG - Werkstoff Service Blog<\/title>\n<meta name=\"robots\" content=\"index, follow, max-snippet:-1, max-image-preview:large, max-video-preview:-1\" \/>\n<link rel=\"canonical\" href=\"https:\/\/www.werkstoff-blog.de\/\" \/>\n<meta property=\"og:locale\" content=\"de_DE\" \/>\n<meta property=\"og:type\" content=\"article\" \/>\n<meta property=\"og:title\" content=\"WERKSTOFF-BLOG - Werkstoff Service Blog\" \/>\n<meta property=\"og:description\" content=\"[vc_row][vc_column width=&#8220;2\/3&#8243;][vc_column_text]Herzlich willkommen in unserem Werkstoff-Blog F\u00fcr wissenshungrige haben wir einen eigenen Blog, den wir mit Herzblut betreiben und verschiedensten Inhalten f\u00fcttern. Hier findet man unter anderem Unternehmens-News und Veranstaltungstipps. Die TrainingCenter-Beitr\u00e4ge informieren stets \u00fcber aktuelle Seminare und Kurse und geben detaillierte L\u00f6sungen und Antworten auf viele \u201eWie funktioniert \u2026?\u201c- und \u201eWas ist eigentlich \u2026?\u201c-Fragen. [&hellip;]\" \/>\n<meta property=\"og:url\" content=\"https:\/\/www.werkstoff-blog.de\/\" \/>\n<meta property=\"og:site_name\" content=\"Werkstoff Service Blog\" \/>\n<meta property=\"article:modified_time\" content=\"2020-09-07T13:32:17+00:00\" \/>\n<meta name=\"twitter:card\" content=\"summary\" \/>\n<script type=\"application\/ld+json\" class=\"yoast-schema-graph\">{\"@context\":\"https:\/\/schema.org\",\"@graph\":[{\"@type\":\"WebSite\",\"@id\":\"https:\/\/www.werkstoff-service.de\/blog\/#website\",\"url\":\"https:\/\/www.werkstoff-service.de\/blog\/\",\"name\":\"Werkstoff Service Blog\",\"description\":\"Wir stellen die Welt der Werkstoffe vor.\",\"potentialAction\":[{\"@type\":\"SearchAction\",\"target\":\"https:\/\/www.werkstoff-service.de\/blog\/?s={search_term_string}\",\"query-input\":\"required name=search_term_string\"}],\"inLanguage\":\"de\"},{\"@type\":\"WebPage\",\"@id\":\"https:\/\/www.werkstoff-blog.de\/#webpage\",\"url\":\"https:\/\/www.werkstoff-blog.de\/\",\"name\":\"WERKSTOFF-BLOG - Werkstoff Service Blog\",\"isPartOf\":{\"@id\":\"https:\/\/www.werkstoff-service.de\/blog\/#website\"},\"datePublished\":\"2016-04-28T16:02:53+00:00\",\"dateModified\":\"2020-09-07T13:32:17+00:00\",\"inLanguage\":\"de\",\"potentialAction\":[{\"@type\":\"ReadAction\",\"target\":[\"https:\/\/www.werkstoff-blog.de\/\"]}]}]}<\/script>\n<!-- \/ Yoast SEO plugin. -->","_links":{"self":[{"href":"https:\/\/www.werkstoff-service.de\/blog\/wp-json\/wp\/v2\/pages\/46"}],"collection":[{"href":"https:\/\/www.werkstoff-service.de\/blog\/wp-json\/wp\/v2\/pages"}],"about":[{"href":"https:\/\/www.werkstoff-service.de\/blog\/wp-json\/wp\/v2\/types\/page"}],"author":[{"embeddable":true,"href":"https:\/\/www.werkstoff-service.de\/blog\/wp-json\/wp\/v2\/users\/1"}],"replies":[{"embeddable":true,"href":"https:\/\/www.werkstoff-service.de\/blog\/wp-json\/wp\/v2\/comments?post=46"}],"version-history":[{"count":109,"href":"https:\/\/www.werkstoff-service.de\/blog\/wp-json\/wp\/v2\/pages\/46\/revisions"}],"predecessor-version":[{"id":1205,"href":"https:\/\/www.werkstoff-service.de\/blog\/wp-json\/wp\/v2\/pages\/46\/revisions\/1205"}],"wp:attachment":[{"href":"https:\/\/www.werkstoff-service.de\/blog\/wp-json\/wp\/v2\/media?parent=46"}],"curies":[{"name":"wp","href":"https:\/\/api.w.org\/{rel}","templated":true}]}}